{"id":2,"date":"2017-11-07T10:11:11","date_gmt":"2017-11-07T09:11:11","guid":{"rendered":"http:\/\/alexrusch.com\/hoerbuch-22-mehr\/?page_id=2"},"modified":"2018-10-12T16:57:26","modified_gmt":"2018-10-12T14:57:26","slug":"beispiel-seite","status":"publish","type":"page","link":"https:\/\/alexrusch.com\/hoerbuch-22-mehr\/","title":{"rendered":"\u00bbDie 22 besten Rusch-Erfolgsstrategien\u00ab"},"content":{"rendered":"\t\t<div data-elementor-type=\"wp-page\" data-elementor-id=\"2\" class=\"elementor elementor-2 elementor-bc-flex-widget\" data-elementor-post-type=\"page\">\n\t\t\t\t\t\t<section data-particle_enable=\"false\" data-particle-mobile-disabled=\"false\" class=\"elementor-section elementor-top-section elementor-element elementor-element-ihxqpwo elementor-section-boxed elementor-section-height-default elementor-section-height-default\" data-id=\"ihxqpwo\" data-element_type=\"section\" data-e-type=\"section\">\n\t\t\t\t\t\t<div class=\"elementor-container elementor-column-gap-default\">\n\t\t\t\t\t<div class=\"elementor-column elementor-col-100 elementor-top-column elementor-element elementor-element-kizvnrq\" data-id=\"kizvnrq\" data-element_type=\"column\" data-e-type=\"column\">\n\t\t\t<div class=\"elementor-widget-wrap elementor-element-populated\">\n\t\t\t\t\t\t<div class=\"elementor-element elementor-element-eipabjk elementor-widget elementor-widget-text-editor\" data-id=\"eipabjk\" data-element_type=\"widget\" data-e-type=\"widget\" data-widget_type=\"text-editor.default\">\n\t\t\t\t<div class=\"elementor-widget-container\">\n\t\t\t\t\t\t\t\t\t<p class=\"contenLead\"><span style=\"color: #ff0000;\"><b>W\u00e4re das nicht ein grossartiges Geschenk f\u00fcr gute Freunde, Mitarbeiter, Gesch\u00e4ftspartner und Angeh\u00f6rige?!<\/b><\/span><\/p>\t\t\t\t\t\t\t\t<\/div>\n\t\t\t\t<\/div>\n\t\t\t\t\t<\/div>\n\t\t<\/div>\n\t\t\t\t\t<\/div>\n\t\t<\/section>\n\t\t\t\t<section data-particle_enable=\"false\" data-particle-mobile-disabled=\"false\" class=\"elementor-section elementor-top-section elementor-element elementor-element-iyc5u8k elementor-section-boxed elementor-section-height-default elementor-section-height-default\" data-id=\"iyc5u8k\" data-element_type=\"section\" data-e-type=\"section\">\n\t\t\t\t\t\t<div class=\"elementor-container elementor-column-gap-default\">\n\t\t\t\t\t<div class=\"elementor-column elementor-col-100 elementor-top-column elementor-element elementor-element-gyvxld4\" data-id=\"gyvxld4\" data-element_type=\"column\" data-e-type=\"column\">\n\t\t\t<div class=\"elementor-widget-wrap elementor-element-populated\">\n\t\t\t\t\t\t<div class=\"elementor-element elementor-element-uvjf7tl elementor-widget elementor-widget-text-editor\" data-id=\"uvjf7tl\" data-element_type=\"widget\" data-e-type=\"widget\" data-widget_type=\"text-editor.default\">\n\t\t\t\t<div class=\"elementor-widget-container\">\n\t\t\t\t\t\t\t\t\t<p><b>Wir machen Ihnen hier zwei sehr attraktive Paket-Angebote f\u00fcr dieses besondere H\u00f6rbuch, damit Sie es im grossen Stil als Geschenk einsetzen k\u00f6nnen.\u00a0<\/b><\/p>\t\t\t\t\t\t\t\t<\/div>\n\t\t\t\t<\/div>\n\t\t\t\t<div class=\"elementor-element elementor-element-1y413rc dce_masking-none elementor-widget elementor-widget-image\" data-id=\"1y413rc\" data-element_type=\"widget\" data-e-type=\"widget\" data-widget_type=\"image.default\">\n\t\t\t\t<div class=\"elementor-widget-container\">\n\t\t\t\t\t\t\t\t\t\t\t\t\t\t\t<img fetchpriority=\"high\" decoding=\"async\" width=\"580\" height=\"326\" src=\"https:\/\/alexrusch.com\/hoerbuch-22-mehr\/wp-content\/uploads\/sites\/73\/2017\/11\/2cd_hoerbuch-1024x576.png\" class=\"attachment-large size-large wp-image-109\" alt=\"\" srcset=\"https:\/\/alexrusch.com\/hoerbuch-22-mehr\/wp-content\/uploads\/sites\/73\/2017\/11\/2cd_hoerbuch-1024x576.png 1024w, https:\/\/alexrusch.com\/hoerbuch-22-mehr\/wp-content\/uploads\/sites\/73\/2017\/11\/2cd_hoerbuch-300x169.png 300w, https:\/\/alexrusch.com\/hoerbuch-22-mehr\/wp-content\/uploads\/sites\/73\/2017\/11\/2cd_hoerbuch-768x432.png 768w, https:\/\/alexrusch.com\/hoerbuch-22-mehr\/wp-content\/uploads\/sites\/73\/2017\/11\/2cd_hoerbuch.png 1500w\" sizes=\"(max-width: 580px) 100vw, 580px\" \/>\t\t\t\t\t\t\t\t\t\t\t\t\t\t\t<\/div>\n\t\t\t\t<\/div>\n\t\t\t\t<div class=\"elementor-element elementor-element-mrfr2sh elementor-widget elementor-widget-text-editor\" data-id=\"mrfr2sh\" data-element_type=\"widget\" data-e-type=\"widget\" data-widget_type=\"text-editor.default\">\n\t\t\t\t<div class=\"elementor-widget-container\">\n\t\t\t\t\t\t\t\t\tInformationen zum H\u00f6rbuch finden Sie unter <span style=\"color: #3366ff;\"><a href=\"https:\/\/www.alexrusch.com\/hoerbuch22\" data-jsb_prepared=\"veasfxs6fh\">www.alexrusch.com\/hoerbuch22<\/a><\/span>\t\t\t\t\t\t\t\t<\/div>\n\t\t\t\t<\/div>\n\t\t\t\t\t<\/div>\n\t\t<\/div>\n\t\t\t\t\t<\/div>\n\t\t<\/section>\n\t\t\t\t<section data-particle_enable=\"false\" data-particle-mobile-disabled=\"false\" class=\"elementor-section elementor-top-section elementor-element elementor-element-9slf5bw elementor-section-boxed elementor-section-height-default elementor-section-height-default\" data-id=\"9slf5bw\" data-element_type=\"section\" data-e-type=\"section\">\n\t\t\t\t\t\t<div class=\"elementor-container elementor-column-gap-default\">\n\t\t\t\t\t<div class=\"elementor-column elementor-col-50 elementor-top-column elementor-element elementor-element-crvfe4z\" data-id=\"crvfe4z\" data-element_type=\"column\" data-e-type=\"column\">\n\t\t\t<div class=\"elementor-widget-wrap elementor-element-populated\">\n\t\t\t\t\t\t<div class=\"elementor-element elementor-element-l3csl15 elementor-view-default elementor-widget elementor-widget-icon\" data-id=\"l3csl15\" data-element_type=\"widget\" data-e-type=\"widget\" data-widget_type=\"icon.default\">\n\t\t\t\t<div class=\"elementor-widget-container\">\n\t\t\t\t\t\t\t<div class=\"elementor-icon-wrapper\">\n\t\t\t<div class=\"elementor-icon\">\n\t\t\t\t\t\t\t<i class=\"fa fa-exclamation-circle\" aria-hidden=\"true\"><\/i>\n\t\t\t\t\t\t<\/div>\n\t\t<\/div>\n\t\t\t\t\t\t<\/div>\n\t\t\t\t<\/div>\n\t\t\t\t\t<\/div>\n\t\t<\/div>\n\t\t\t\t<div class=\"elementor-column elementor-col-50 elementor-top-column elementor-element elementor-element-1av1hc6\" data-id=\"1av1hc6\" data-element_type=\"column\" data-e-type=\"column\">\n\t\t\t<div class=\"elementor-widget-wrap elementor-element-populated\">\n\t\t\t\t\t\t<div class=\"elementor-element elementor-element-tnegqio elementor-widget elementor-widget-text-editor\" data-id=\"tnegqio\" data-element_type=\"widget\" data-e-type=\"widget\" data-widget_type=\"text-editor.default\">\n\t\t\t\t<div class=\"elementor-widget-container\">\n\t\t\t\t\t\t\t\t\t<h4><span style=\"color: #ff0000;\"><b>Nutzen Sie jetzt die Chance, hier auf einen Schlag ein grossartiges, einzigartiges Geschenk f\u00fcr mehrere Personen zu kaufen und vom Paket-Preis zu profitieren!<\/b><\/span><\/h4>\t\t\t\t\t\t\t\t<\/div>\n\t\t\t\t<\/div>\n\t\t\t\t\t<\/div>\n\t\t<\/div>\n\t\t\t\t\t<\/div>\n\t\t<\/section>\n\t\t\t\t<section data-particle_enable=\"false\" data-particle-mobile-disabled=\"false\" data-dce-background-color=\"rgba(0,108,232,0.06)\" class=\"elementor-section elementor-top-section elementor-element elementor-element-c72xvsw elementor-section-boxed elementor-section-height-default elementor-section-height-default\" data-id=\"c72xvsw\" data-element_type=\"section\" data-e-type=\"section\" data-settings=\"{&quot;background_background&quot;:&quot;classic&quot;}\">\n\t\t\t\t\t\t<div class=\"elementor-container elementor-column-gap-default\">\n\t\t\t\t\t<div class=\"elementor-column elementor-col-100 elementor-top-column elementor-element elementor-element-pwnpyfh\" data-id=\"pwnpyfh\" data-element_type=\"column\" data-e-type=\"column\">\n\t\t\t<div class=\"elementor-widget-wrap elementor-element-populated\">\n\t\t\t\t\t\t<div class=\"elementor-element elementor-element-2t5u9ee elementor-widget elementor-widget-text-editor\" data-id=\"2t5u9ee\" data-element_type=\"widget\" data-e-type=\"widget\" data-widget_type=\"text-editor.default\">\n\t\t\t\t<div class=\"elementor-widget-container\">\n\t\t\t\t\t\t\t\t\t<p><strong>Einzelst\u00fcck f\u00fcr nur EUR 29,90<\/strong><\/p>\t\t\t\t\t\t\t\t<\/div>\n\t\t\t\t<\/div>\n\t\t\t\t<div class=\"elementor-element elementor-element-swt5ck5 elementor-widget elementor-widget-text-editor\" data-id=\"swt5ck5\" data-element_type=\"widget\" data-e-type=\"widget\" data-widget_type=\"text-editor.default\">\n\t\t\t\t<div class=\"elementor-widget-container\">\n\t\t\t\t\t\t\t\t\t<p>H\u00f6rbuch \u00bbDie 22 besten Rusch-Erfolgsstrategien\u00ab zum St\u00fcckpreis von nur EUR 29,90 (statt <s>EUR 39,90<\/s> nach der Einf\u00fchrungsphase)<\/p>\t\t\t\t\t\t\t\t<\/div>\n\t\t\t\t<\/div>\n\t\t\t\t<div class=\"elementor-element elementor-element-75w59j9 elementor-widget elementor-widget-button\" data-id=\"75w59j9\" data-element_type=\"widget\" data-e-type=\"widget\" data-widget_type=\"button.default\">\n\t\t\t\t<div class=\"elementor-widget-container\">\n\t\t\t\t\t\t\t\t\t<div class=\"elementor-button-wrapper\">\n\t\t\t\t\t<a class=\"elementor-button elementor-button-link elementor-size-md\" href=\"https:\/\/alexrusch.com\/hoerbuch-22-mehr\/formular-1\">\n\t\t\t\t\t\t<span class=\"elementor-button-content-wrapper\">\n\t\t\t\t\t\t<span class=\"elementor-button-icon\">\n\t\t\t\t\t\t\t\t\t<i class=\"fa fa-arrow-circle-right\" aria-hidden=\"true\"><\/i>\n\t\t\t\t\t\t\t<\/span>\n\t\t\t\t\t\t\t\t\t<span class=\"elementor-button-text\">Zum Formular<\/span>\n\t\t\t\t\t<\/span>\n\t\t\t\t\t<\/a>\n\t\t\t\t<\/div>\n\t\t\t\t\t\t\t\t<\/div>\n\t\t\t\t<\/div>\n\t\t\t\t\t<\/div>\n\t\t<\/div>\n\t\t\t\t\t<\/div>\n\t\t<\/section>\n\t\t\t\t<section data-particle_enable=\"false\" data-particle-mobile-disabled=\"false\" data-dce-background-color=\"rgba(219,0,0,0.06)\" class=\"elementor-section elementor-top-section elementor-element elementor-element-spxak58 elementor-section-boxed elementor-section-height-default elementor-section-height-default\" data-id=\"spxak58\" data-element_type=\"section\" data-e-type=\"section\" data-settings=\"{&quot;background_background&quot;:&quot;classic&quot;}\">\n\t\t\t\t\t\t<div class=\"elementor-container elementor-column-gap-default\">\n\t\t\t\t\t<div class=\"elementor-column elementor-col-100 elementor-top-column elementor-element elementor-element-ijhpx3j\" data-id=\"ijhpx3j\" data-element_type=\"column\" data-e-type=\"column\">\n\t\t\t<div class=\"elementor-widget-wrap elementor-element-populated\">\n\t\t\t\t\t\t<div class=\"elementor-element elementor-element-ps4glpg elementor-widget elementor-widget-text-editor\" data-id=\"ps4glpg\" data-element_type=\"widget\" data-e-type=\"widget\" data-widget_type=\"text-editor.default\">\n\t\t\t\t<div class=\"elementor-widget-container\">\n\t\t\t\t\t\t\t\t\t<p><strong>5er-Pack f\u00fcr nur EUR 99,90<\/strong><\/p>\t\t\t\t\t\t\t\t<\/div>\n\t\t\t\t<\/div>\n\t\t\t\t<div class=\"elementor-element elementor-element-6kaeewb elementor-widget elementor-widget-text-editor\" data-id=\"6kaeewb\" data-element_type=\"widget\" data-e-type=\"widget\" data-widget_type=\"text-editor.default\">\n\t\t\t\t<div class=\"elementor-widget-container\">\n\t\t\t\t\t\t\t\t\t<p>5er-Pack des H\u00f6rbuches\u00a0\u00bbDie 22 besten Rusch-Erfolgsstrategien\u00ab zum Paketpreis von nur EUR 99,90 (statt <s>EUR 149,50<\/s> beim Einzelkauf)<\/p>\t\t\t\t\t\t\t\t<\/div>\n\t\t\t\t<\/div>\n\t\t\t\t<div class=\"elementor-element elementor-element-s3mh3v6 elementor-widget elementor-widget-button\" data-id=\"s3mh3v6\" data-element_type=\"widget\" data-e-type=\"widget\" data-widget_type=\"button.default\">\n\t\t\t\t<div class=\"elementor-widget-container\">\n\t\t\t\t\t\t\t\t\t<div class=\"elementor-button-wrapper\">\n\t\t\t\t\t<a class=\"elementor-button elementor-button-link elementor-size-md\" href=\"https:\/\/alexrusch.com\/hoerbuch-22-mehr\/formular-2\">\n\t\t\t\t\t\t<span class=\"elementor-button-content-wrapper\">\n\t\t\t\t\t\t<span class=\"elementor-button-icon\">\n\t\t\t\t\t\t\t\t\t<i class=\"fa fa-arrow-circle-right\" aria-hidden=\"true\"><\/i>\n\t\t\t\t\t\t\t<\/span>\n\t\t\t\t\t\t\t\t\t<span class=\"elementor-button-text\">Zum Formular<\/span>\n\t\t\t\t\t<\/span>\n\t\t\t\t\t<\/a>\n\t\t\t\t<\/div>\n\t\t\t\t\t\t\t\t<\/div>\n\t\t\t\t<\/div>\n\t\t\t\t\t<\/div>\n\t\t<\/div>\n\t\t\t\t\t<\/div>\n\t\t<\/section>\n\t\t\t\t<section data-particle_enable=\"false\" data-particle-mobile-disabled=\"false\" data-dce-background-color=\"rgba(97,206,112,0.05)\" class=\"elementor-section elementor-top-section elementor-element elementor-element-ruk2f6l elementor-section-boxed elementor-section-height-default elementor-section-height-default\" data-id=\"ruk2f6l\" data-element_type=\"section\" data-e-type=\"section\" data-settings=\"{&quot;background_background&quot;:&quot;classic&quot;}\">\n\t\t\t\t\t\t<div class=\"elementor-container elementor-column-gap-default\">\n\t\t\t\t\t<div class=\"elementor-column elementor-col-100 elementor-top-column elementor-element elementor-element-3vj1hyi\" data-id=\"3vj1hyi\" data-element_type=\"column\" data-e-type=\"column\">\n\t\t\t<div class=\"elementor-widget-wrap elementor-element-populated\">\n\t\t\t\t\t\t<div class=\"elementor-element elementor-element-k0tr179 elementor-widget elementor-widget-text-editor\" data-id=\"k0tr179\" data-element_type=\"widget\" data-e-type=\"widget\" data-widget_type=\"text-editor.default\">\n\t\t\t\t<div class=\"elementor-widget-container\">\n\t\t\t\t\t\t\t\t\t<p><strong>10er-Pack f\u00fcr nur EUR 179,90<\/strong><\/p>\t\t\t\t\t\t\t\t<\/div>\n\t\t\t\t<\/div>\n\t\t\t\t<div class=\"elementor-element elementor-element-zc1b3dh elementor-widget elementor-widget-text-editor\" data-id=\"zc1b3dh\" data-element_type=\"widget\" data-e-type=\"widget\" data-widget_type=\"text-editor.default\">\n\t\t\t\t<div class=\"elementor-widget-container\">\n\t\t\t\t\t\t\t\t\t<p>10er-Pack des H\u00f6rbuches\u00a0\u00bbDie 22 besten Rusch-Erfolgsstrategien\u00ab zum Paketpreis von nur EUR 179,90 (statt <s>EUR 299,00<\/s> beim Einzelkauf)<\/p>\t\t\t\t\t\t\t\t<\/div>\n\t\t\t\t<\/div>\n\t\t\t\t<div class=\"elementor-element elementor-element-wosbruo elementor-widget elementor-widget-button\" data-id=\"wosbruo\" data-element_type=\"widget\" data-e-type=\"widget\" data-widget_type=\"button.default\">\n\t\t\t\t<div class=\"elementor-widget-container\">\n\t\t\t\t\t\t\t\t\t<div class=\"elementor-button-wrapper\">\n\t\t\t\t\t<a class=\"elementor-button elementor-button-link elementor-size-md\" href=\"https:\/\/alexrusch.com\/hoerbuch-22-mehr\/formular-3\">\n\t\t\t\t\t\t<span class=\"elementor-button-content-wrapper\">\n\t\t\t\t\t\t<span class=\"elementor-button-icon\">\n\t\t\t\t\t\t\t\t\t<i class=\"fa fa-arrow-circle-right\" aria-hidden=\"true\"><\/i>\n\t\t\t\t\t\t\t<\/span>\n\t\t\t\t\t\t\t\t\t<span class=\"elementor-button-text\">Zum Formular<\/span>\n\t\t\t\t\t<\/span>\n\t\t\t\t\t<\/a>\n\t\t\t\t<\/div>\n\t\t\t\t\t\t\t\t<\/div>\n\t\t\t\t<\/div>\n\t\t\t\t\t<\/div>\n\t\t<\/div>\n\t\t\t\t\t<\/div>\n\t\t<\/section>\n\t\t\t\t<\/div>\n\t\t","protected":false},"excerpt":{"rendered":"<p>W\u00e4re das nicht ein grossartiges Geschenk f\u00fcr gute Freunde, Mitarbeiter, Gesch\u00e4ftspartner und Angeh\u00f6rige?! Wir machen Ihnen hier zwei sehr attraktive Paket-Angebote f\u00fcr dieses besondere H\u00f6rbuch, damit Sie es im grossen Stil als Geschenk einsetzen k\u00f6nnen.\u00a0 Informationen zum H\u00f6rbuch finden Sie unter www.alexrusch.com\/hoerbuch22 Nutzen Sie jetzt die Chance, hier auf einen Schlag ein grossartiges, einzigartiges Geschenk&#8230;  <a href=\"https:\/\/alexrusch.com\/hoerbuch-22-mehr\/\" class=\"more-link\" title=\"Read \u00bbDie 22 besten Rusch-Erfolgsstrategien\u00ab\">Read more &raquo;<\/a><\/p>\n","protected":false},"author":1,"featured_media":0,"parent":0,"menu_order":0,"comment_status":"closed","ping_status":"open","template":"","meta":{"_acf_changed":false,"footnotes":""},"class_list":["post-2","page","type-page","status-publish","hentry"],"acf":[],"_links":{"self":[{"href":"https:\/\/alexrusch.com\/hoerbuch-22-mehr\/wp-json\/wp\/v2\/pages\/2","targetHints":{"allow":["GET"]}}],"collection":[{"href":"https:\/\/alexrusch.com\/hoerbuch-22-mehr\/wp-json\/wp\/v2\/pages"}],"about":[{"href":"https:\/\/alexrusch.com\/hoerbuch-22-mehr\/wp-json\/wp\/v2\/types\/page"}],"author":[{"embeddable":true,"href":"https:\/\/alexrusch.com\/hoerbuch-22-mehr\/wp-json\/wp\/v2\/users\/1"}],"replies":[{"embeddable":true,"href":"https:\/\/alexrusch.com\/hoerbuch-22-mehr\/wp-json\/wp\/v2\/comments?post=2"}],"version-history":[{"count":0,"href":"https:\/\/alexrusch.com\/hoerbuch-22-mehr\/wp-json\/wp\/v2\/pages\/2\/revisions"}],"wp:attachment":[{"href":"https:\/\/alexrusch.com\/hoerbuch-22-mehr\/wp-json\/wp\/v2\/media?parent=2"}],"curies":[{"name":"wp","href":"https:\/\/api.w.org\/{rel}","templated":true}]}}