{"id":2,"date":"2018-04-23T13:08:17","date_gmt":"2018-04-23T11:08:17","guid":{"rendered":"http:\/\/alexrusch.com\/beratungstermin\/?page_id=2"},"modified":"2023-09-13T09:24:36","modified_gmt":"2023-09-13T07:24:36","slug":"beispiel-seite","status":"publish","type":"page","link":"https:\/\/alexrusch.com\/beratungstermin\/","title":{"rendered":"Beratungstermin"},"content":{"rendered":"\t\t<div data-elementor-type=\"wp-post\" data-elementor-id=\"2\" class=\"elementor elementor-2\" data-elementor-post-type=\"page\">\n\t\t\t\t\t\t<section data-particle_enable=\"false\" data-particle-mobile-disabled=\"false\" class=\"elementor-section elementor-top-section elementor-element elementor-element-qfgvpfm elementor-section-boxed elementor-section-height-default elementor-section-height-default\" data-id=\"qfgvpfm\" data-element_type=\"section\" data-e-type=\"section\">\n\t\t\t\t\t\t<div class=\"elementor-container elementor-column-gap-no\">\n\t\t\t\t\t<div class=\"elementor-column elementor-col-100 elementor-top-column elementor-element elementor-element-ukkwowb\" data-id=\"ukkwowb\" data-element_type=\"column\" data-e-type=\"column\">\n\t\t\t<div class=\"elementor-widget-wrap elementor-element-populated\">\n\t\t\t\t\t\t<div data-dce-title-color=\"#DD3333\" class=\"elementor-element elementor-element-4d9832f elementor-widget elementor-widget-heading\" data-id=\"4d9832f\" data-element_type=\"widget\" data-e-type=\"widget\" data-widget_type=\"heading.default\">\n\t\t\t\t<div class=\"elementor-widget-container\">\n\t\t\t\t\t<h1 class=\"elementor-heading-title elementor-size-default\">15-min\u00fctige telefonische Weiterbildungsberatung GRATIS<\/h1>\t\t\t\t<\/div>\n\t\t\t\t<\/div>\n\t\t\t\t<div data-dce-title-color=\"#3366FF\" class=\"elementor-element elementor-element-06cfbf9 elementor-widget elementor-widget-heading\" data-id=\"06cfbf9\" data-element_type=\"widget\" data-e-type=\"widget\" data-widget_type=\"heading.default\">\n\t\t\t\t<div class=\"elementor-widget-container\">\n\t\t\t\t\t<h2 class=\"elementor-heading-title elementor-size-default\">Sind Sie unsicher, welches H\u00f6rbuch oder welches Erfolgspaket Sie kaufen bzw. welchen Online-Lehrgang Sie buchen sollen?<\/h2>\t\t\t\t<\/div>\n\t\t\t\t<\/div>\n\t\t\t\t<div class=\"elementor-element elementor-element-gsyxz6n elementor-widget-divider--view-line elementor-widget elementor-widget-divider\" data-id=\"gsyxz6n\" data-element_type=\"widget\" data-e-type=\"widget\" data-widget_type=\"divider.default\">\n\t\t\t\t<div class=\"elementor-widget-container\">\n\t\t\t\t\t\t\t<div class=\"elementor-divider\">\n\t\t\t<span class=\"elementor-divider-separator\">\n\t\t\t\t\t\t<\/span>\n\t\t<\/div>\n\t\t\t\t\t\t<\/div>\n\t\t\t\t<\/div>\n\t\t\t\t<div data-dce-text-color=\"#000000\" class=\"elementor-element elementor-element-tzo9oes elementor-widget elementor-widget-text-editor\" data-id=\"tzo9oes\" data-element_type=\"widget\" data-e-type=\"widget\" data-widget_type=\"text-editor.default\">\n\t\t\t\t<div class=\"elementor-widget-container\">\n\t\t\t\t\t\t\t\t\tSie haben ab sofort die M\u00f6glichkeit, bei uns kostenlos eine 15-min\u00fctige telefonische Beratung zum Thema Weiterbildung zu buchen. Wir pr\u00fcfen dann gemeinsam Ihre Weiterbildungsbed\u00fcrfnisse und geben Ihnen Empfehlungen, wie Sie Ihr Weiterbildungsbudget am wirksamsten und resultatorientiertesten einsetzen.\t\t\t\t\t\t\t\t<\/div>\n\t\t\t\t<\/div>\n\t\t\t\t\t<\/div>\n\t\t<\/div>\n\t\t\t\t\t<\/div>\n\t\t<\/section>\n\t\t\t\t<section data-particle_enable=\"false\" data-particle-mobile-disabled=\"false\" data-dce-background-color=\"#F93434\" class=\"elementor-section elementor-top-section elementor-element elementor-element-aa2a6a9 elementor-section-boxed elementor-section-height-default elementor-section-height-default\" data-id=\"aa2a6a9\" data-element_type=\"section\" data-e-type=\"section\" data-settings=\"{&quot;background_background&quot;:&quot;classic&quot;}\">\n\t\t\t\t\t\t<div class=\"elementor-container elementor-column-gap-no\">\n\t\t\t\t\t<div class=\"elementor-column elementor-col-100 elementor-top-column elementor-element elementor-element-9698070\" data-id=\"9698070\" data-element_type=\"column\" data-e-type=\"column\">\n\t\t\t<div class=\"elementor-widget-wrap elementor-element-populated\">\n\t\t\t\t\t\t<div data-dce-title-color=\"#FFFFFF\" class=\"elementor-element elementor-element-9209e99 elementor-widget elementor-widget-heading\" data-id=\"9209e99\" data-element_type=\"widget\" data-e-type=\"widget\" data-widget_type=\"heading.default\">\n\t\t\t\t<div class=\"elementor-widget-container\">\n\t\t\t\t\t<h2 class=\"elementor-heading-title elementor-size-default\">Wenn Sie also eine Weiterbildungsberatung ben\u00f6tigen, weil Sie zum Beispiel nicht wissen, welches Erfolgspaket Sie kaufen oder welchen Online-Lehrgang Sie buchen sollen, klicken Sie bitte auf eine der zwei Boxen, um einen Beratungstermin zu buchen.<\/h2>\t\t\t\t<\/div>\n\t\t\t\t<\/div>\n\t\t\t\t\t<\/div>\n\t\t<\/div>\n\t\t\t\t\t<\/div>\n\t\t<\/section>\n\t\t\t\t<section data-particle_enable=\"false\" data-particle-mobile-disabled=\"false\" class=\"elementor-section elementor-top-section elementor-element elementor-element-nf7irj6 elementor-section-boxed elementor-section-height-default elementor-section-height-default\" data-id=\"nf7irj6\" data-element_type=\"section\" data-e-type=\"section\">\n\t\t\t\t\t\t<div class=\"elementor-container elementor-column-gap-no\">\n\t\t\t\t\t<div class=\"elementor-column elementor-col-100 elementor-top-column elementor-element elementor-element-qro6f4h\" data-id=\"qro6f4h\" data-element_type=\"column\" data-e-type=\"column\">\n\t\t\t<div class=\"elementor-widget-wrap elementor-element-populated\">\n\t\t\t\t\t\t<div data-dce-text-color=\"#000000\" class=\"elementor-element elementor-element-gkdcyeg elementor-widget elementor-widget-text-editor\" data-id=\"gkdcyeg\" data-element_type=\"widget\" data-e-type=\"widget\" data-widget_type=\"text-editor.default\">\n\t\t\t\t<div class=\"elementor-widget-container\">\n\t\t\t\t\t\t\t\t\t<p class=\"contenLead\"><span style=\"color: #3366ff; font-family: Arial, sans-serif;\"><span style=\"font-size: x-large;\"><b>Variante 1:<\/b><\/span><\/span><\/p><p><em>Ein Beratungstermin mit einer Mitarbeiterin oder einem Mitarbeiter der Rusch-Firmengruppe.<\/em><\/p>\t\t\t\t\t\t\t\t<\/div>\n\t\t\t\t<\/div>\n\t\t\t\t<div class=\"elementor-element elementor-element-ki7sm8d elementor-widget elementor-widget-button\" data-id=\"ki7sm8d\" data-element_type=\"widget\" data-e-type=\"widget\" data-widget_type=\"button.default\">\n\t\t\t\t<div class=\"elementor-widget-container\">\n\t\t\t\t\t\t\t\t\t<div class=\"elementor-button-wrapper\">\n\t\t\t\t\t<a class=\"elementor-button elementor-button-link elementor-size-lg\" href=\"https:\/\/satellite.booking-time.com\/?key=4b4f9386f5a4bfab\">\n\t\t\t\t\t\t<span class=\"elementor-button-content-wrapper\">\n\t\t\t\t\t\t<span class=\"elementor-button-icon\">\n\t\t\t\t<i aria-hidden=\"true\" class=\"far fa-arrow-alt-circle-right\"><\/i>\t\t\t<\/span>\n\t\t\t\t\t\t\t\t\t<span class=\"elementor-button-text\">Zum Terminkalender des Rusch-Teams<\/span>\n\t\t\t\t\t<\/span>\n\t\t\t\t\t<\/a>\n\t\t\t\t<\/div>\n\t\t\t\t\t\t\t\t<\/div>\n\t\t\t\t<\/div>\n\t\t\t\t<div class=\"elementor-element elementor-element-b8fq6gy elementor-widget-divider--view-line elementor-widget elementor-widget-divider\" data-id=\"b8fq6gy\" data-element_type=\"widget\" data-e-type=\"widget\" data-widget_type=\"divider.default\">\n\t\t\t\t<div class=\"elementor-widget-container\">\n\t\t\t\t\t\t\t<div class=\"elementor-divider\">\n\t\t\t<span class=\"elementor-divider-separator\">\n\t\t\t\t\t\t<\/span>\n\t\t<\/div>\n\t\t\t\t\t\t<\/div>\n\t\t\t\t<\/div>\n\t\t\t\t<div data-dce-text-color=\"#000000\" class=\"elementor-element elementor-element-53ji7zg elementor-widget elementor-widget-text-editor\" data-id=\"53ji7zg\" data-element_type=\"widget\" data-e-type=\"widget\" data-widget_type=\"text-editor.default\">\n\t\t\t\t<div class=\"elementor-widget-container\">\n\t\t\t\t\t\t\t\t\t<span style=\"color: #ff0000; font-family: Arial, sans-serif;\"><span style=\"font-size: x-large;\"><b>Variante 2:<\/b><\/span><\/span>\n\n<em>Wenn Sie ein Weiterbildungsbudget von 2000 Euro oder mehr haben und mit Alex S. Rusch pers\u00f6nlich sprechen m\u00f6chten, haben Sie dazu bis auf Weiteres auch die M\u00f6glichkeit.<\/em> Dies ist eine der seltenen Gelegenheiten, mit ihm pers\u00f6nlich zu sprechen. Sonst ist das nur f\u00fcr MIM-Mitglieder und Mentor-Klienten m\u00f6glich. (Eine Beratungsstunde bei ihm kostet sonst 1000 Euro, wie Sie unter <a href=\"https:\/\/www.alexrusch.com\/consulting\" target=\"_blank\" rel=\"noopener\">www.alexrusch.com\/consulting<\/a> sehen \u2013 diese Gratis-Beratung hat also einen Wert von 250 Euro).\t\t\t\t\t\t\t\t<\/div>\n\t\t\t\t<\/div>\n\t\t\t\t<div class=\"elementor-element elementor-element-wtirfoi elementor-widget elementor-widget-button\" data-id=\"wtirfoi\" data-element_type=\"widget\" data-e-type=\"widget\" data-widget_type=\"button.default\">\n\t\t\t\t<div class=\"elementor-widget-container\">\n\t\t\t\t\t\t\t\t\t<div class=\"elementor-button-wrapper\">\n\t\t\t\t\t<a class=\"elementor-button elementor-button-link elementor-size-lg\" href=\"https:\/\/satellite.booking-time.com\/?key=135411a17c98e87d\">\n\t\t\t\t\t\t<span class=\"elementor-button-content-wrapper\">\n\t\t\t\t\t\t<span class=\"elementor-button-icon\">\n\t\t\t\t<i aria-hidden=\"true\" class=\"far fa-arrow-alt-circle-right\"><\/i>\t\t\t<\/span>\n\t\t\t\t\t\t\t\t\t<span class=\"elementor-button-text\">Zum Terminkalender von Alex S. Rusch<\/span>\n\t\t\t\t\t<\/span>\n\t\t\t\t\t<\/a>\n\t\t\t\t<\/div>\n\t\t\t\t\t\t\t\t<\/div>\n\t\t\t\t<\/div>\n\t\t\t\t<div data-dce-text-color=\"#000000\" class=\"elementor-element elementor-element-s6u2xuh elementor-widget elementor-widget-text-editor\" data-id=\"s6u2xuh\" data-element_type=\"widget\" data-e-type=\"widget\" data-widget_type=\"text-editor.default\">\n\t\t\t\t<div class=\"elementor-widget-container\">\n\t\t\t\t\t\t\t\t\t<b>(sofern Ihr Weiterbildungsbudget \u00fcber 2000 Euro betr\u00e4gt)<\/b>\t\t\t\t\t\t\t\t<\/div>\n\t\t\t\t<\/div>\n\t\t\t\t\t<\/div>\n\t\t<\/div>\n\t\t\t\t\t<\/div>\n\t\t<\/section>\n\t\t\t\t<\/div>\n\t\t","protected":false},"excerpt":{"rendered":"<p>15-min\u00fctige telefonische Weiterbildungsberatung GRATIS Sind Sie unsicher, welches H\u00f6rbuch oder welches Erfolgspaket Sie kaufen bzw. welchen Online-Lehrgang Sie buchen sollen? Sie haben ab sofort die M\u00f6glichkeit, bei uns kostenlos eine 15-min\u00fctige telefonische Beratung zum Thema Weiterbildung zu buchen. Wir pr\u00fcfen dann gemeinsam Ihre Weiterbildungsbed\u00fcrfnisse und geben Ihnen Empfehlungen, wie Sie Ihr Weiterbildungsbudget am wirksamsten und&#8230;  <a href=\"https:\/\/alexrusch.com\/beratungstermin\/\" class=\"more-link\" title=\"Read Beratungstermin\">Read more &raquo;<\/a><\/p>\n","protected":false},"author":1,"featured_media":0,"parent":0,"menu_order":0,"comment_status":"closed","ping_status":"open","template":"","meta":{"_acf_changed":false,"footnotes":""},"class_list":["post-2","page","type-page","status-publish","hentry"],"acf":[],"_links":{"self":[{"href":"https:\/\/alexrusch.com\/beratungstermin\/wp-json\/wp\/v2\/pages\/2","targetHints":{"allow":["GET"]}}],"collection":[{"href":"https:\/\/alexrusch.com\/beratungstermin\/wp-json\/wp\/v2\/pages"}],"about":[{"href":"https:\/\/alexrusch.com\/beratungstermin\/wp-json\/wp\/v2\/types\/page"}],"author":[{"embeddable":true,"href":"https:\/\/alexrusch.com\/beratungstermin\/wp-json\/wp\/v2\/users\/1"}],"replies":[{"embeddable":true,"href":"https:\/\/alexrusch.com\/beratungstermin\/wp-json\/wp\/v2\/comments?post=2"}],"version-history":[{"count":0,"href":"https:\/\/alexrusch.com\/beratungstermin\/wp-json\/wp\/v2\/pages\/2\/revisions"}],"wp:attachment":[{"href":"https:\/\/alexrusch.com\/beratungstermin\/wp-json\/wp\/v2\/media?parent=2"}],"curies":[{"name":"wp","href":"https:\/\/api.w.org\/{rel}","templated":true}]}}