{"id":64,"date":"2017-05-07T23:56:32","date_gmt":"2017-05-07T21:56:32","guid":{"rendered":"http:\/\/alexrusch.com\/nahezu-auf-autopilot\/?page_id=64"},"modified":"2021-02-18T05:32:59","modified_gmt":"2021-02-18T04:32:59","slug":"bestellformular","status":"publish","type":"page","link":"http:\/\/alexrusch.com\/nahezu-auf-autopilot\/bestellformular\/","title":{"rendered":"Nahezu-auf-Autopilot-Erfolgspaket Bestellformular"},"content":{"rendered":"\t\t<div data-elementor-type=\"wp-page\" data-elementor-id=\"64\" class=\"elementor elementor-64\" data-elementor-post-type=\"page\">\n\t\t\t\t\t\t<section data-particle_enable=\"false\" data-particle-mobile-disabled=\"false\" class=\"elementor-section elementor-top-section elementor-element elementor-element-q4ghxgu elementor-section-boxed elementor-section-height-default elementor-section-height-default\" data-id=\"q4ghxgu\" data-element_type=\"section\" data-e-type=\"section\">\n\t\t\t\t\t\t<div class=\"elementor-container elementor-column-gap-no\">\n\t\t\t\t\t<div class=\"elementor-column elementor-col-100 elementor-top-column elementor-element elementor-element-z0twaz1\" data-id=\"z0twaz1\" data-element_type=\"column\" data-e-type=\"column\">\n\t\t\t<div class=\"elementor-widget-wrap elementor-element-populated\">\n\t\t\t\t\t\t<div class=\"elementor-element elementor-element-d56fd1a elementor-widget elementor-widget-shortcode\" data-id=\"d56fd1a\" data-element_type=\"widget\" data-e-type=\"widget\" data-widget_type=\"shortcode.default\">\n\t\t\t\t<div class=\"elementor-widget-container\">\n\t\t\t\t\t\t\t<div class=\"elementor-shortcode\"><audio class=\"wp-audio-shortcode\" id=\"audio-64-1\" autoplay preload=\"none\" style=\"width: 100%;\" controls=\"controls\"><source type=\"audio\/mpeg\" src=\"https:\/\/www.nahezu-auf-autopilot.com\/audios\/autopilot_euro.mp3?_=1\" \/><a href=\"https:\/\/www.nahezu-auf-autopilot.com\/audios\/autopilot_euro.mp3\">https:\/\/www.nahezu-auf-autopilot.com\/audios\/autopilot_euro.mp3<\/a><\/audio><\/div>\n\t\t\t\t\t\t<\/div>\n\t\t\t\t<\/div>\n\t\t\t\t<div data-dce-title-color=\"#000000\" class=\"elementor-element elementor-element-d4b09ec elementor-widget elementor-widget-heading\" data-id=\"d4b09ec\" data-element_type=\"widget\" data-e-type=\"widget\" data-widget_type=\"heading.default\">\n\t\t\t\t<div class=\"elementor-widget-container\">\n\t\t\t\t\t<h2 class=\"elementor-heading-title elementor-size-default\">Sehr gut. Der erste Schritt zum Autopilot-System ist schon getan. Sie haben auf den Knopf zur Formular-Seite geklickt.<\/h2>\t\t\t\t<\/div>\n\t\t\t\t<\/div>\n\t\t\t\t<div data-dce-text-color=\"#000000\" class=\"elementor-element elementor-element-b11tp8w elementor-widget elementor-widget-text-editor\" data-id=\"b11tp8w\" data-element_type=\"widget\" data-e-type=\"widget\" data-widget_type=\"text-editor.default\">\n\t\t\t\t<div class=\"elementor-widget-container\">\n\t\t\t\t\t\t\t\t\t<p class=\"contenLead\">Und jetzt geht es nur noch um die eine grosse Frage:<br \/>Was soll denn dieses umfangreiche dreiteilige Erfolgspaket mit den zahlreichen Zusatzleistungen kosten?<\/p><p><strong>Wir versprechen Ihnen: Es ist preiswert \u2013 also definitiv seinen Preis wert.<\/strong><br \/>Das Weiterbildungsbudget, das Sie in dieses Erfolgspaket investieren, wird sich mehr als lohnen. Und das schon in wenigen Wochen und Monaten.<\/p><p>Was Sie freuen wird: Es gibt hier eine Preis-Garantie. Wir garantieren, dass niemand einen niedrigeren Preis bezahlt als Sie hier, nicht einmal unsere Mitglieder oder Buchh\u00e4ndler. Sie bezahlen hier also definitiv den Netto-Netto-Preis.<\/p><p>Und damit sich wirklich beinahe alle unsere Kunden dieses \u00e4usserst wichtige Erfolgspaket leisten k\u00f6nnen, gibt es auch die M\u00f6glichkeit, es in 12 bequemen Raten zu bezahlen.<\/p>\t\t\t\t\t\t\t\t<\/div>\n\t\t\t\t<\/div>\n\t\t\t\t<div data-dce-text-color=\"#000000\" class=\"elementor-element elementor-element-8923d46 elementor-widget elementor-widget-text-editor\" data-id=\"8923d46\" data-element_type=\"widget\" data-e-type=\"widget\" data-widget_type=\"text-editor.default\">\n\t\t\t\t<div class=\"elementor-widget-container\">\n\t\t\t\t\t\t\t\t\tWenn Sie jedoch den vollen Betrag im Voraus bezahlen, sparen Sie sogar noch [geoip_detect2_show_if country=&#8220;DE,PH&#8220; ]EUR 367[\/geoip_detect2_show_if][geoip_detect2_show_if country=&#8220;CH&#8220; ]SFr 547[\/geoip_detect2_show_if],-.\t\t\t\t\t\t\t\t<\/div>\n\t\t\t\t<\/div>\n\t\t\t\t\t<\/div>\n\t\t<\/div>\n\t\t\t\t\t<\/div>\n\t\t<\/section>\n\t\t\t\t<section data-particle_enable=\"false\" data-particle-mobile-disabled=\"false\" class=\"elementor-section elementor-top-section elementor-element elementor-element-20ea4b1 elementor-section-boxed elementor-section-height-default elementor-section-height-default\" data-id=\"20ea4b1\" data-element_type=\"section\" data-e-type=\"section\">\n\t\t\t\t\t\t<div class=\"elementor-container elementor-column-gap-default\">\n\t\t\t\t\t<div class=\"elementor-column elementor-col-100 elementor-top-column elementor-element elementor-element-970a407\" data-id=\"970a407\" data-element_type=\"column\" data-e-type=\"column\">\n\t\t\t<div class=\"elementor-widget-wrap elementor-element-populated\">\n\t\t\t\t<!-- dce invisible element 7307938 --><!-- dce invisible element a0225e8 -->\t\t\t<\/div>\n\t\t<\/div>\n\t\t\t\t\t<\/div>\n\t\t<\/section>\n\t\t\t\t<section data-particle_enable=\"false\" data-particle-mobile-disabled=\"false\" class=\"elementor-section elementor-top-section elementor-element elementor-element-f8ae29e elementor-section-boxed elementor-section-height-default elementor-section-height-default\" data-id=\"f8ae29e\" data-element_type=\"section\" data-e-type=\"section\">\n\t\t\t\t\t\t<div class=\"elementor-container elementor-column-gap-default\">\n\t\t\t\t\t<div class=\"elementor-column elementor-col-100 elementor-top-column elementor-element elementor-element-3b8182e\" data-id=\"3b8182e\" data-element_type=\"column\" data-e-type=\"column\">\n\t\t\t<div class=\"elementor-widget-wrap elementor-element-populated\">\n\t\t\t\t\t\t<div class=\"elementor-element elementor-element-fd1b981 elementor-widget elementor-widget-html\" data-id=\"fd1b981\" data-element_type=\"widget\" data-e-type=\"widget\" data-widget_type=\"html.default\">\n\t\t\t\t<div class=\"elementor-widget-container\">\n\t\t\t\t\t<style>\n.mod-form {\n    font-family: \"Source Sans Pro\", Sans-serif !important;\n}\n\n.mod-form .mod-box.box1 {\n    font-family: \"Source Sans Pro\", Sans-serif !important;\n    background: #fafafa !important;\n    border-radius: 5px !important;\n    margin-bottom: 30px !important;\n    padding: 30px !important;\n    \n    border: 8px solid #f1f1f1;\n    box-shadow: 3px 3px 20px #rgba(145, 155, 166,.5);\n}\n.mod-form .ja1 {\n    color: #d33;\n}\n.mod-form input[type=\"submit\"] {\n    margin: 0 auto;\n    display: block;\n}\n<\/style>\t\t\t\t<\/div>\n\t\t\t\t<\/div>\n\t\t\t\t\t<\/div>\n\t\t<\/div>\n\t\t\t\t\t<\/div>\n\t\t<\/section>\n\t\t\t\t<\/div>\n\t\t","protected":false},"excerpt":{"rendered":"<p>Sehr gut. Der erste Schritt zum Autopilot-System ist schon getan. Sie haben auf den Knopf zur Formular-Seite geklickt. Und jetzt geht es nur noch um die eine grosse Frage:Was soll denn dieses umfangreiche dreiteilige Erfolgspaket mit den zahlreichen Zusatzleistungen kosten? Wir versprechen Ihnen: Es ist preiswert \u2013 also definitiv seinen Preis wert.Das Weiterbildungsbudget, das Sie&#8230;  <a href=\"http:\/\/alexrusch.com\/nahezu-auf-autopilot\/bestellformular\/\" class=\"more-link\" title=\"Read Nahezu-auf-Autopilot-Erfolgspaket Bestellformular\">Read more &raquo;<\/a><\/p>\n","protected":false},"author":1,"featured_media":0,"parent":0,"menu_order":0,"comment_status":"closed","ping_status":"closed","template":"","meta":{"_acf_changed":false,"footnotes":""},"class_list":["post-64","page","type-page","status-publish","hentry"],"acf":[],"_links":{"self":[{"href":"http:\/\/alexrusch.com\/nahezu-auf-autopilot\/wp-json\/wp\/v2\/pages\/64","targetHints":{"allow":["GET"]}}],"collection":[{"href":"http:\/\/alexrusch.com\/nahezu-auf-autopilot\/wp-json\/wp\/v2\/pages"}],"about":[{"href":"http:\/\/alexrusch.com\/nahezu-auf-autopilot\/wp-json\/wp\/v2\/types\/page"}],"author":[{"embeddable":true,"href":"http:\/\/alexrusch.com\/nahezu-auf-autopilot\/wp-json\/wp\/v2\/users\/1"}],"replies":[{"embeddable":true,"href":"http:\/\/alexrusch.com\/nahezu-auf-autopilot\/wp-json\/wp\/v2\/comments?post=64"}],"version-history":[{"count":0,"href":"http:\/\/alexrusch.com\/nahezu-auf-autopilot\/wp-json\/wp\/v2\/pages\/64\/revisions"}],"wp:attachment":[{"href":"http:\/\/alexrusch.com\/nahezu-auf-autopilot\/wp-json\/wp\/v2\/media?parent=64"}],"curies":[{"name":"wp","href":"https:\/\/api.w.org\/{rel}","templated":true}]}}